{"id":73,"date":"2024-04-22T12:20:02","date_gmt":"2024-04-22T12:20:02","guid":{"rendered":"https:\/\/www.wielerverenigingroden.nl\/?page_id=73"},"modified":"2026-01-30T14:04:35","modified_gmt":"2026-01-30T14:04:35","slug":"bestuur","status":"publish","type":"page","link":"https:\/\/www.wielerverenigingroden.nl\/index.php\/bestuur\/","title":{"rendered":"Organisatie"},"content":{"rendered":"<p><strong>Bestuur:<\/strong><\/p>\n<ul>\n<li>Voorzitter: Johan van Bergen<\/li>\n<li>Secretaris: Agnes en Ren\u00e9 Koster<\/li>\n<li>Penningmeester: Gerrit van der Velde<\/li>\n<li>Koersdirecteur: Nelie Schouten<\/li>\n<\/ul>\n<p><strong>Overige functies:<\/strong><\/p>\n<ul>\n<li>Parcours &amp; Beveiliging: Hendrikus Been<\/li>\n<li>Sponsoring &amp; Marketing: Gerrit van der Velde<\/li>\n<li>Logistiek &amp; Techniek: Jan Raven<\/li>\n<li>Co\u00f6rdinatie opbouw: vacant<\/li>\n<li>Co\u00f6rdinatie inschrijvingen: Agnes en Ren\u00e9 Koster<\/li>\n<li>Co\u00f6rdinatie medisch team: Linda Been<\/li>\n<li>Website: Pieter Buijs (ad interim)<\/li>\n<\/ul>\n<p><strong>Contact:<\/strong><\/p>\n<ul>\n<li>E-mail: wielerverenigingroden@gmail.com<\/li>\n<\/ul>\n","protected":false},"excerpt":{"rendered":"<p>Bestuur: Voorzitter: Johan van Bergen Secretaris: Agnes en Ren\u00e9 Koster Penningmeester: Gerrit van der Velde Koersdirecteur: Nelie Schouten Overige functies: Parcours &amp; Beveiliging: Hendrikus Been Sponsoring &amp; Marketing: Gerrit van der Velde Logistiek &amp; Techniek: Jan Raven Co\u00f6rdinatie opbouw: vacant Co\u00f6rdinatie inschrijvingen: Agnes en Ren\u00e9 Koster Co\u00f6rdinatie medisch team: Linda Been Website: Pieter Buijs (ad&#8230;<\/p>\n","protected":false},"author":1,"featured_media":0,"parent":0,"menu_order":0,"comment_status":"closed","ping_status":"closed","template":"","meta":{"_kad_post_transparent":"","_kad_post_title":"","_kad_post_layout":"","_kad_post_sidebar_id":"","_kad_post_content_style":"","_kad_post_vertical_padding":"","_kad_post_feature":"","_kad_post_feature_position":"","_kad_post_header":false,"_kad_post_footer":false,"footnotes":""},"class_list":["post-73","page","type-page","status-publish","hentry"],"_links":{"self":[{"href":"https:\/\/www.wielerverenigingroden.nl\/index.php\/wp-json\/wp\/v2\/pages\/73","targetHints":{"allow":["GET"]}}],"collection":[{"href":"https:\/\/www.wielerverenigingroden.nl\/index.php\/wp-json\/wp\/v2\/pages"}],"about":[{"href":"https:\/\/www.wielerverenigingroden.nl\/index.php\/wp-json\/wp\/v2\/types\/page"}],"author":[{"embeddable":true,"href":"https:\/\/www.wielerverenigingroden.nl\/index.php\/wp-json\/wp\/v2\/users\/1"}],"replies":[{"embeddable":true,"href":"https:\/\/www.wielerverenigingroden.nl\/index.php\/wp-json\/wp\/v2\/comments?post=73"}],"version-history":[{"count":7,"href":"https:\/\/www.wielerverenigingroden.nl\/index.php\/wp-json\/wp\/v2\/pages\/73\/revisions"}],"predecessor-version":[{"id":6195,"href":"https:\/\/www.wielerverenigingroden.nl\/index.php\/wp-json\/wp\/v2\/pages\/73\/revisions\/6195"}],"wp:attachment":[{"href":"https:\/\/www.wielerverenigingroden.nl\/index.php\/wp-json\/wp\/v2\/media?parent=73"}],"curies":[{"name":"wp","href":"https:\/\/api.w.org\/{rel}","templated":true}]}}